{"id":11,"date":"2023-03-27T19:48:00","date_gmt":"2023-03-27T19:48:00","guid":{"rendered":"https:\/\/cotiza.prointecon.com.co\/?page_id=11"},"modified":"2023-03-29T23:48:45","modified_gmt":"2023-03-29T23:48:45","slug":"home","status":"publish","type":"page","link":"https:\/\/cotiza.prointecon.com.co\/","title":{"rendered":"Home"},"content":{"rendered":"<div>\n<h3><strong>Necesita CONSTRUCCI\u00d3N <span style=\"color:#dba21f\">REMODELACI\u00d3N <\/span>o MANTENIMIENTO<\/strong><\/h3>\n<p>PRO<span style=\"color:#dba21f\">INTE<\/span>CON SAS<\/p>\n<div>\n<h4><strong>\u00a1EST\u00c1 EN EL LUGAR CORRECTO!<\/strong><\/h4>\n<\/div>\n<p><a href=\"https:\/\/wa.me\/573115238078\">Clic Aqu\u00ed<\/a><\/p>\n<\/div>\n<p><img decoding=\"async\" src=\"\/wp-content\/uploads\/2023\/03\/casa-residencial-proceso-construccion-23-scaled-1.jpg\" alt=\"\"><\/p>\n<h1>\u00bfEst\u00e1 interesado en alguno de nuestros servicios?<br \/>Est\u00e1 en el lugar correcto<\/h1>\n<h1>\n<h4 style=\"text-align: center;\">Escr\u00edbanos por WhastApp o Ll\u00e1menos<\/h4>\n<\/h1>\n<ul>\n<li>\n        <a href=\"https:\/\/wa.me\/573115238078\">CONT\u00c1CTENOS<\/a>\n    <\/li>\n<li>\n        <a href=\"tel:+573115238078\">LL\u00c1MENOS<\/a>\n    <\/li>\n<\/ul>\n<p><img decoding=\"async\" src=\"\/wp-content\/uploads\/2023\/03\/DJI_0159-scaled.jpg\" alt=\"\"><\/p>\n<h1>\n<h4 style=\"text-align: center;\">Deje aqu\u00ed sus Datos para conocer su Proyecto<\/h4>\n<\/h1>\n<div>\n<div>\n<div class=\"wpforms-container wpforms-container-full\" id=\"wpforms-58\"><form id=\"wpforms-form-58\" class=\"wpforms-validate wpforms-form wpforms-ajax-form\" data-formid=\"58\" method=\"post\" enctype=\"multipart\/form-data\" action=\"\/index.php\/wp-json\/wp\/v2\/pages\/11\" data-token=\"41a2ea9e81725a0993f054511a970a36\"><noscript class=\"wpforms-error-noscript\">Por favor, activa JavaScript en tu navegador para completar este formulario.<\/noscript><div class=\"wpforms-field-container\"><div id=\"wpforms-58-field_0-container\" class=\"wpforms-field wpforms-field-name\" data-field-id=\"0\"><label class=\"wpforms-field-label\" for=\"wpforms-58-field_0\">Nombre <span class=\"wpforms-required-label\">*<\/span><\/label><input type=\"text\" id=\"wpforms-58-field_0\" class=\"wpforms-field-large wpforms-field-required\" name=\"wpforms[fields][0]\" required><\/div><div id=\"wpforms-58-field_1-container\" class=\"wpforms-field wpforms-field-email\" data-field-id=\"1\"><label class=\"wpforms-field-label\" for=\"wpforms-58-field_1\">Email <span class=\"wpforms-required-label\">*<\/span><\/label><input type=\"email\" id=\"wpforms-58-field_1\" class=\"wpforms-field-large wpforms-field-required\" name=\"wpforms[fields][1]\" spellcheck=\"false\" required><\/div><div id=\"wpforms-58-field_4-container\" class=\"wpforms-field wpforms-field-text\" data-field-id=\"4\"><label class=\"wpforms-field-label\" for=\"wpforms-58-field_4\">Tel\u00e9fono <span class=\"wpforms-required-label\">*<\/span><\/label><input type=\"text\" id=\"wpforms-58-field_4\" class=\"wpforms-field-large wpforms-field-required\" name=\"wpforms[fields][4]\" required><\/div><div id=\"wpforms-58-field_2-container\" class=\"wpforms-field wpforms-field-textarea\" data-field-id=\"2\"><label class=\"wpforms-field-label\" for=\"wpforms-58-field_2\">Mensaje<\/label><textarea id=\"wpforms-58-field_2\" class=\"wpforms-field-medium\" name=\"wpforms[fields][2]\" ><\/textarea><\/div><\/div><!-- .wpforms-field-container --><div class=\"wpforms-submit-container\" ><input type=\"hidden\" name=\"wpforms[id]\" value=\"58\"><input type=\"hidden\" name=\"wpforms[author]\" value=\"1\"><button type=\"submit\" name=\"wpforms[submit]\" id=\"wpforms-submit-58\" class=\"wpforms-submit\" data-alt-text=\"Sending...\" data-submit-text=\"Submit\" aria-live=\"assertive\" value=\"wpforms-submit\">Submit<\/button><img loading=\"lazy\" decoding=\"async\" src=\"https:\/\/cotiza.prointecon.com.co\/wp-content\/plugins\/wpforms-lite\/assets\/images\/submit-spin.svg\" class=\"wpforms-submit-spinner\" style=\"display: none;\" width=\"26\" height=\"26\" alt=\"Cargando\"><\/div><\/form><\/div>  <!-- .wpforms-container -->\n<\/div>\n<\/div>\n<h1>\n<p style=\"text-align: center;\">Ofrecemos los siguientes servicios<\/p>\n<\/h1>\n<ul>\n<li>\n<p>        <img decoding=\"async\" src=\"\/wp-content\/uploads\/2023\/03\/DJI_0159-scaled.jpg\" alt=\"\"><\/p>\n<h3>CONSTRUCCI\u00d3N<\/h3>\n<div>\n<p style=\"text-align: center;\"><strong>Construimos todo tipo de edificaciones, cimentaciones, estructura, obra gris, acabados y urbanismo.<\/strong><\/p>\n<\/div>\n<\/li>\n<li>\n<p>        <img decoding=\"async\" src=\"\/wp-content\/uploads\/2023\/03\/IMG_5084-scaled.jpg\" alt=\"\"><\/p>\n<h3>REMODELACIONES<\/h3>\n<div>\n<p style=\"text-align: center;\"><strong>Transformamos espacios, Dise\u00f1amos y ejecutamos proyectos de remodelaci\u00f3n o espacios nuevos, nuestra atenci\u00f3n personalizada, para quienes buscan mejorar o crear sus ideas.<\/strong><\/p>\n<\/div>\n<\/li>\n<li>\n<p>        <img decoding=\"async\" src=\"\/wp-content\/uploads\/2023\/03\/BD48A0D1-47B6-43DD-AA12-DD4E1F6E8CD5-scaled.jpg\" alt=\"\"><\/p>\n<h3>MANTENIMIENTOS<\/h3>\n<div>\n<p style=\"text-align: center;\"><strong>Nuestro servicio en mantenimiento locativo para el buen funcionamiento de cualquier empresa de \u00e1mbito industrial, comercial o de alimentos con el fin de garantizar su proceso productivo.<\/strong><\/p>\n<\/div>\n<\/li>\n<\/ul>\n<h1>\n<p><strong><span style=\"vertical-align: inherit;\"><span style=\"vertical-align: inherit;\">NOSOTROS<\/span><\/span><\/strong><\/p>\n<\/h1>\n<div>\n<p class=\"_04xlpA direction-ltr align-justify para-style-body\"><span class=\"S1PPyQ\"><span style=\"vertical-align: inherit;\"><span style=\"vertical-align: inherit;\">Somos una empresa con experiencia en el sector de la construcci\u00f3n, mantenimiento e intervenci\u00f3n de obras civiles, desde el a\u00f1o 2016.<\/span><\/span><\/span><span style=\"vertical-align: inherit;\"><span style=\"vertical-align: inherit;\"> Nos hemos consolidado gracias a nuestro compromiso, calidad, seguridad y cumplimiento de nuestros objetivos. <\/span><\/span><span class=\"S1PPyQ\"><span style=\"vertical-align: inherit;\"><span style=\"vertical-align: inherit;\">En Prointecon SAS, estamos comprometidos con la excelencia en todo lo que hacemos. <\/span><\/span><\/span><span style=\"vertical-align: inherit;\"><span style=\"vertical-align: inherit;\">Nuestro equipo de expertos altamente capacitados trabaja diligentemente para garantizar que cada proyecto se complete a la perfecci\u00f3n. <\/span><span style=\"vertical-align: inherit;\">Adem\u00e1s, somos una empresa que valora la honestidad, la integridad y el trabajo en equipo para lograr el \u00e9xito.<\/span><\/span><\/p>\n<\/div>\n<h1><strong><span style=\"vertical-align: inherit;\"><span style=\"vertical-align: inherit;\">CLIENTES DIRECTOS<\/span><\/span><\/strong><\/h1>\n<ul>\n<li>\n<p>        <img decoding=\"async\" src=\"\/wp-content\/uploads\/2023\/03\/img_logo.png\" alt=\"\"><\/p>\n<\/li>\n<li>\n<p>        <img decoding=\"async\" src=\"\/wp-content\/uploads\/2023\/03\/c03b67d2e84146d5896b141830596thumbnail.jpg\" alt=\"\"><\/p>\n<\/li>\n<li>\n<p>        <img decoding=\"async\" src=\"\/wp-content\/uploads\/2023\/03\/1519881255140.jpg\" alt=\"\"><\/p>\n<\/li>\n<li>\n<p>        <img decoding=\"async\" src=\"\/wp-content\/uploads\/2023\/03\/descarga.png\" alt=\"\"><\/p>\n<\/li>\n<li>\n<p>        <img decoding=\"async\" src=\"\/wp-content\/uploads\/2023\/03\/favicon-1.png.webp\" alt=\"\"><\/p>\n<\/li>\n<li>\n<p>        <img decoding=\"async\" src=\"\/wp-content\/uploads\/2023\/03\/descarga.jpg\" alt=\"\"><\/p>\n<\/li>\n<\/ul>\n<h1>\n<h5 style=\"text-align: center;\">Gracias por contactarnos y dejar sus datos, en cuesti\u00f3n de minutos nuestro asesor se comunicar\u00e1 con usted<\/h5>\n<\/h1>\n<p><!--more--><br \/>\n<!-- {\"name\":\"home\",\"type\":\"layout\",\"children\":[{\"type\":\"section\",\"props\":{\"style\":\"default\",\"width\":\"xlarge\",\"vertical_align\":\"middle\",\"title_position\":\"top-left\",\"title_rotation\":\"left\",\"title_breakpoint\":\"xl\",\"image_position\":\"center-right\",\"video\":\"\",\"height\":\"full\",\"image\":\"wp-content\\\/uploads\\\/2023\\\/03\\\/casa-residencial-proceso-construccion-23-scaled-1.jpg\",\"image_size\":\"cover\",\"image_effect\":\"fixed\",\"media_visibility\":\"m\",\"image_width\":\"400\"},\"children\":[{\"type\":\"row\",\"props\":{\"layout\":\"2-5,3-5\",\"column_gap\":\"small\"},\"children\":[{\"type\":\"column\",\"props\":{\"position_sticky_breakpoint\":\"m\",\"image_position\":\"center-center\",\"media_overlay_gradient\":\"\",\"width_medium\":\"2-5\"},\"children\":[{\"type\":\"panel\",\"props\":{\"link_text\":\"Clic Aqu\\u00ed\",\"title_hover_style\":\"reset\",\"title_element\":\"h3\",\"title_align\":\"top\",\"title_grid_width\":\"1-2\",\"title_grid_breakpoint\":\"m\",\"meta_style\":\"h3\",\"meta_align\":\"above-title\",\"meta_element\":\"div\",\"content_column_breakpoint\":\"m\",\"icon_width\":80,\"image_align\":\"top\",\"image_grid_width\":\"1-2\",\"image_grid_breakpoint\":\"m\",\"image_svg_color\":\"emphasis\",\"link_style\":\"danger\",\"margin\":\"default\",\"content\":\"\n\n<h4><strong>\\u00a1EST\\u00c1 EN EL LUGAR CORRECTO!<\\\/strong><\\\/h4>\",\"panel_style\":\"card-primary\",\"panel_padding\":\"large\",\"meta\":\"PRO<span style=\\\"color:#dba21f\\\">INTE<\\\/span>CON SAS\",\"title\":\"<strong>Necesita CONSTRUCCI\\u00d3N <span style=\\\"color:#dba21f\\\">REMODELACI\\u00d3N <\\\/span>o MANTENIMIENTO<\\\/strong>\",\"text_align\":\"center\",\"title_style\":\"h1\",\"title_font_family\":\"default\",\"title_decoration\":\"divider\",\"link\":\"https:\\\/\\\/wa.me\\\/573115238078\",\"link_margin\":\"small\",\"icon\":\"\",\"link_fullwidth\":false,\"link_target\":true,\"link_size\":\"large\"}}]},{\"type\":\"column\",\"props\":{\"position_sticky_breakpoint\":\"m\",\"image_position\":\"center-center\",\"media_overlay_gradient\":\"\",\"width_medium\":\"3-5\"},\"children\":[]}]},{\"type\":\"row\",\"children\":[{\"type\":\"column\",\"props\":{\"position_sticky_breakpoint\":\"m\",\"image_position\":\"center-center\",\"media_overlay_gradient\":\"\"},\"children\":[{\"type\":\"image\",\"props\":{\"margin\":\"default\",\"image_svg_color\":\"emphasis\",\"image\":\"wp-content\\\/uploads\\\/2023\\\/03\\\/casa-residencial-proceso-construccion-23-scaled-1.jpg\",\"visibility\":\"hidden-m\"}}]}]}]},{\"type\":\"section\",\"props\":{\"style\":\"default\",\"width\":\"default\",\"vertical_align\":\"middle\",\"title_position\":\"top-left\",\"title_rotation\":\"left\",\"title_breakpoint\":\"xl\",\"image_position\":\"center-center\",\"image\":\"wp-content\\\/uploads\\\/2023\\\/03\\\/f1.jpg\",\"image_size\":\"cover\",\"image_effect\":\"fixed\",\"media_overlay\":\"rgba(255, 255, 255, 0.61)\",\"padding\":\"small\"},\"children\":[{\"type\":\"row\",\"children\":[{\"type\":\"column\",\"props\":{\"position_sticky_breakpoint\":\"m\",\"image_position\":\"center-center\",\"media_overlay_gradient\":\"\"},\"children\":[{\"type\":\"headline\",\"props\":{\"title_element\":\"h1\",\"content\":\"\\u00bfEst\\u00e1 interesado en alguno de nuestros servicios?<br \\\/>Est\\u00e1 en el lugar correcto\",\"title_decoration\":\"line\",\"text_align\":\"center\"}}]}]},{\"type\":\"row\",\"props\":{\"layout\":\"1-2,1-2\"},\"children\":[{\"type\":\"column\",\"props\":{\"position_sticky_breakpoint\":\"m\",\"image_position\":\"center-center\",\"media_overlay_gradient\":\"\",\"width_medium\":\"1-2\"},\"children\":[{\"type\":\"headline\",\"props\":{\"title_element\":\"h1\",\"content\":\"\n\n<h4 style=\\\"text-align: center;\\\">Escr\\u00edbanos por WhastApp o Ll\\u00e1menos<\\\/h4>\",\"text_align\":\"center\"}},{\"type\":\"button\",\"props\":{\"grid_column_gap\":\"small\",\"grid_row_gap\":\"small\",\"margin\":\"default\",\"text_align\":\"center\"},\"children\":[{\"type\":\"button_item\",\"props\":{\"button_style\":\"default\",\"icon_align\":\"left\",\"link\":\"https:\\\/\\\/wa.me\\\/573115238078\",\"content\":\"CONT\\u00c1CTENOS\",\"link_title\":\"WhastApp\",\"icon\":\"whatsapp\"}},{\"type\":\"button_item\",\"props\":{\"button_style\":\"default\",\"icon_align\":\"left\",\"content\":\"LL\\u00c1MENOS\",\"icon\":\"receiver\",\"link_title\":\"\",\"link\":\"tel:+573115238078\"}}]},{\"type\":\"image\",\"props\":{\"margin\":\"large\",\"image_svg_color\":\"emphasis\",\"image\":\"wp-content\\\/uploads\\\/2023\\\/03\\\/DJI_0159-scaled.jpg\"}}]},{\"type\":\"column\",\"props\":{\"position_sticky_breakpoint\":\"m\",\"image_position\":\"center-center\",\"media_overlay_gradient\":\"\",\"width_medium\":\"1-2\"},\"children\":[{\"type\":\"headline\",\"props\":{\"title_element\":\"h1\",\"content\":\"\n\n<h4 style=\\\"text-align: center;\\\">Deje aqu\\u00ed sus Datos para conocer su Proyecto<\\\/h4>\"}},{\"type\":\"panel\",\"props\":{\"link_text\":\"Read more\",\"title_hover_style\":\"reset\",\"title_element\":\"h3\",\"title_align\":\"top\",\"title_grid_width\":\"1-2\",\"title_grid_breakpoint\":\"m\",\"meta_style\":\"meta\",\"meta_align\":\"below-title\",\"meta_element\":\"div\",\"content_column_breakpoint\":\"m\",\"icon_width\":80,\"image_align\":\"top\",\"image_grid_width\":\"1-2\",\"image_grid_breakpoint\":\"m\",\"image_svg_color\":\"emphasis\",\"link_style\":\"default\",\"margin\":\"default\",\"content\":\"\n\n<p>[wpforms id=\\\"58\\\"]<\\\/p>\",\"panel_style\":\"card-default\",\"panel_padding\":\"default\"}}]}]}]},{\"type\":\"section\",\"props\":{\"style\":\"muted\",\"width\":\"default\",\"vertical_align\":\"middle\",\"title_position\":\"top-left\",\"title_rotation\":\"left\",\"title_breakpoint\":\"xl\",\"image_position\":\"center-center\",\"padding\":\"small\"},\"children\":[{\"type\":\"row\",\"props\":{\"column_gap\":\"collapse\",\"row_gap\":\"collapse\"},\"children\":[{\"type\":\"column\",\"props\":{\"position_sticky_breakpoint\":\"m\",\"image_position\":\"center-center\",\"media_overlay_gradient\":\"\",\"width_medium\":\"\",\"padding\":\"small\"},\"children\":[{\"type\":\"headline\",\"props\":{\"title_element\":\"h1\",\"content\":\"\n\n<p style=\\\"text-align: center;\\\">Ofrecemos los siguientes servicios<\\\/p>\",\"text_align\":\"center\",\"title_style\":\"h1\"}}]}]}]},{\"type\":\"section\",\"props\":{\"style\":\"default\",\"width\":\"default\",\"vertical_align\":\"middle\",\"title_position\":\"top-left\",\"title_rotation\":\"left\",\"title_breakpoint\":\"xl\",\"image_position\":\"center-center\",\"image\":\"wp-content\\\/uploads\\\/2023\\\/03\\\/f1.jpg\",\"image_size\":\"cover\",\"image_effect\":\"fixed\",\"media_overlay\":\"rgba(255, 255, 255, 0.61)\"},\"children\":[{\"type\":\"row\",\"children\":[{\"type\":\"column\",\"props\":{\"position_sticky_breakpoint\":\"m\",\"image_position\":\"center-center\",\"media_overlay_gradient\":\"\"},\"children\":[{\"type\":\"panel-slider\",\"props\":{\"show_title\":true,\"show_meta\":true,\"show_content\":true,\"show_image\":true,\"show_link\":true,\"slider_width\":\"fixed\",\"slider_width_default\":\"1-1\",\"slider_width_medium\":\"1-2\",\"slider_gap\":\"default\",\"slider_autoplay_pause\":true,\"nav\":\"dotnav\",\"nav_align\":\"center\",\"nav_breakpoint\":\"\",\"slidenav\":\"outside\",\"slidenav_margin\":\"medium\",\"slidenav_breakpoint\":\"m\",\"slidenav_outside_breakpoint\":\"m\",\"panel_card_match\":true,\"title_hover_style\":\"reset\",\"title_element\":\"h3\",\"title_align\":\"top\",\"title_grid_width\":\"1-2\",\"title_grid_breakpoint\":\"m\",\"meta_style\":\"meta\",\"meta_align\":\"below-title\",\"meta_element\":\"div\",\"content_column_breakpoint\":\"m\",\"icon_width\":80,\"image_align\":\"top\",\"image_grid_width\":\"1-2\",\"image_grid_breakpoint\":\"m\",\"image_svg_color\":\"emphasis\",\"link_text\":\"\",\"link_style\":\"default\",\"margin\":\"default\",\"slider_width_large\":\"1-3\",\"panel_style\":\"card-primary\",\"panel_card_image\":true,\"image_height\":\"500\",\"image_width\":\"800\",\"image_link\":true,\"image_transition\":\"scale-down\",\"slidenav_color\":\"dark\",\"slidenav_outside_color\":\"dark\",\"panel_padding\":\"small\",\"panel_image_no_padding\":false,\"slider_width_small\":\"3-5\",\"text_align\":\"center\",\"content_align\":true,\"title_style\":\"h4\",\"title_font_family\":\"primary\"},\"children\":[{\"type\":\"panel-slider_item\",\"props\":{\"title\":\"CONSTRUCCI\\u00d3N\",\"image\":\"wp-content\\\/uploads\\\/2023\\\/03\\\/DJI_0159-scaled.jpg\",\"link\":\"\",\"content\":\"\n\n<p style=\\\"text-align: center;\\\"><strong>Construimos todo tipo de edificaciones, cimentaciones, estructura, obra gris, acabados y urbanismo.<\\\/strong><\\\/p>\",\"panel_style\":\"card-secondary\"}},{\"type\":\"panel-slider_item\",\"props\":{\"title\":\"REMODELACIONES\",\"image\":\"wp-content\\\/uploads\\\/2023\\\/03\\\/IMG_5084-scaled.jpg\",\"link\":\"\",\"content\":\"\n\n<p style=\\\"text-align: center;\\\"><strong>Transformamos espacios, Dise\\u00f1amos y ejecutamos proyectos de remodelaci\\u00f3n o espacios nuevos, nuestra atenci\\u00f3n personalizada, para quienes buscan mejorar o crear sus ideas.<\\\/strong><\\\/p>\",\"panel_style\":\"card-primary\"}},{\"type\":\"panel-slider_item\",\"props\":{\"title\":\"MANTENIMIENTOS\",\"image\":\"wp-content\\\/uploads\\\/2023\\\/03\\\/BD48A0D1-47B6-43DD-AA12-DD4E1F6E8CD5-scaled.jpg\",\"link\":\"\",\"content\":\"\n\n<p style=\\\"text-align: center;\\\"><strong>Nuestro servicio en mantenimiento locativo para el buen funcionamiento de cualquier empresa de \\u00e1mbito industrial, comercial o de alimentos con el fin de garantizar su proceso productivo.<\\\/strong><\\\/p>\",\"panel_style\":\"card-secondary\"}}],\"name\":\"panel sl\"}]}]}]},{\"type\":\"section\",\"props\":{\"style\":\"default\",\"width\":\"default\",\"vertical_align\":\"middle\",\"title_position\":\"top-left\",\"title_rotation\":\"left\",\"title_breakpoint\":\"xl\",\"image_position\":\"center-center\",\"image\":\"\",\"image_size\":\"cover\",\"image_effect\":\"fixed\",\"text_color\":\"light\"},\"children\":[{\"type\":\"row\",\"children\":[{\"type\":\"column\",\"props\":{\"position_sticky_breakpoint\":\"m\",\"image_position\":\"center-center\",\"media_overlay_gradient\":\"\",\"width_medium\":\"1-2\"},\"children\":[{\"type\":\"headline\",\"props\":{\"title_element\":\"h1\",\"content\":\"\n\n<p><strong><span style=\\\"vertical-align: inherit;\\\"><span style=\\\"vertical-align: inherit;\\\">NOSOTROS<\\\/span><\\\/span><\\\/strong><\\\/p>\",\"title_style\":\"h2\",\"text_align\":\"center\",\"title_decoration\":\"divider\"}},{\"type\":\"text\",\"props\":{\"margin\":\"medium\",\"column_breakpoint\":\"m\",\"content\":\"\n\n<p class=\\\"_04xlpA direction-ltr align-justify para-style-body\\\"><span class=\\\"S1PPyQ\\\"><span style=\\\"vertical-align: inherit;\\\"><span style=\\\"vertical-align: inherit;\\\">Somos una empresa con experiencia en el sector de la construcci\\u00f3n, mantenimiento e intervenci\\u00f3n de obras civiles, desde el a\\u00f1o 2016.<\\\/span><\\\/span><\\\/span><span style=\\\"vertical-align: inherit;\\\"><span style=\\\"vertical-align: inherit;\\\"> Nos hemos consolidado gracias a nuestro compromiso, calidad, seguridad y cumplimiento de nuestros objetivos. <\\\/span><\\\/span><span class=\\\"S1PPyQ\\\"><span style=\\\"vertical-align: inherit;\\\"><span style=\\\"vertical-align: inherit;\\\">En Prointecon SAS, estamos comprometidos con la excelencia en todo lo que hacemos. <\\\/span><\\\/span><\\\/span><span style=\\\"vertical-align: inherit;\\\"><span style=\\\"vertical-align: inherit;\\\">Nuestro equipo de expertos altamente capacitados trabaja diligentemente para garantizar que cada proyecto se complete a la perfecci\\u00f3n. <\\\/span><span style=\\\"vertical-align: inherit;\\\">Adem\\u00e1s, somos una empresa que valora la honestidad, la integridad y el trabajo en equipo para lograr el \\u00e9xito.<\\\/span><\\\/span><\\\/p>\",\"text_style\":\"lead\",\"text_align\":\"justify\"}}]},{\"type\":\"column\",\"props\":{\"position_sticky_breakpoint\":\"m\",\"image_position\":\"center-center\",\"media_overlay_gradient\":\"\",\"width_medium\":\"1-2\"},\"children\":[{\"type\":\"headline\",\"props\":{\"title_element\":\"h1\",\"content\":\"<strong><span style=\\\"vertical-align: inherit;\\\"><span style=\\\"vertical-align: inherit;\\\">CLIENTES DIRECTOS<\\\/span><\\\/span><\\\/strong>\",\"title_decoration\":\"divider\",\"title_style\":\"h2\",\"text_align\":\"center\",\"title_font_family\":\"default\"}},{\"type\":\"panel-slider\",\"props\":{\"show_title\":true,\"show_meta\":true,\"show_content\":true,\"show_image\":true,\"show_link\":true,\"slider_width\":\"fixed\",\"slider_width_default\":\"1-2\",\"slider_width_medium\":\"1-5\",\"slider_gap\":\"medium\",\"slider_autoplay_pause\":true,\"nav\":\"\",\"nav_align\":\"center\",\"nav_breakpoint\":\"s\",\"slidenav\":\"outside\",\"slidenav_margin\":\"small\",\"slidenav_breakpoint\":\"\",\"slidenav_outside_breakpoint\":\"s\",\"panel_card_match\":true,\"title_hover_style\":\"reset\",\"title_element\":\"h3\",\"title_align\":\"top\",\"title_grid_width\":\"1-2\",\"title_grid_breakpoint\":\"m\",\"meta_style\":\"meta\",\"meta_align\":\"below-title\",\"meta_element\":\"div\",\"content_column_breakpoint\":\"m\",\"icon_width\":80,\"image_align\":\"top\",\"image_grid_width\":\"1-2\",\"image_grid_breakpoint\":\"m\",\"image_svg_color\":\"emphasis\",\"link_text\":\"Read more\",\"link_style\":\"default\",\"margin\":\"large\",\"slider_width_small\":\"1-4\",\"slider_width_large\":\"1-3\",\"slidenav_hover\":false,\"slider_sets\":true,\"slider_divider\":true,\"slider_center\":false,\"slider_finite\":true,\"slider_autoplay\":true,\"title_style\":\"heading-2xlarge\"},\"children\":[{\"type\":\"panel-slider_item\",\"props\":{\"image\":\"wp-content\\\/uploads\\\/2023\\\/03\\\/img_logo.png\"}},{\"type\":\"panel-slider_item\",\"props\":{\"image\":\"wp-content\\\/uploads\\\/2023\\\/03\\\/c03b67d2e84146d5896b141830596thumbnail.jpg\"}},{\"type\":\"panel-slider_item\",\"props\":{\"image\":\"wp-content\\\/uploads\\\/2023\\\/03\\\/1519881255140.jpg\"}},{\"type\":\"panel-slider_item\",\"props\":{\"image\":\"wp-content\\\/uploads\\\/2023\\\/03\\\/descarga.png\"}},{\"type\":\"panel-slider_item\",\"props\":{\"image\":\"wp-content\\\/uploads\\\/2023\\\/03\\\/favicon-1.png.webp\"}},{\"type\":\"panel-slider_item\",\"props\":{\"image\":\"wp-content\\\/uploads\\\/2023\\\/03\\\/descarga.jpg\"}}],\"name\":\"clientes\"}]}],\"props\":{\"layout\":\"1-2,1-2\",\"column_gap\":\"large\",\"divider\":true}}]},{\"type\":\"section\",\"props\":{\"style\":\"default\",\"width\":\"default\",\"vertical_align\":\"middle\",\"title_position\":\"top-left\",\"title_rotation\":\"left\",\"title_breakpoint\":\"xl\",\"image_position\":\"center-center\",\"padding\":\"small\"},\"children\":[{\"type\":\"row\",\"children\":[{\"type\":\"column\",\"props\":{\"position_sticky_breakpoint\":\"m\",\"image_position\":\"center-center\",\"media_overlay_gradient\":\"\"},\"children\":[{\"type\":\"headline\",\"props\":{\"title_element\":\"h1\",\"content\":\"\n\n<h5 style=\\\"text-align: center;\\\">Gracias por contactarnos y dejar sus datos, en cuesti\\u00f3n de minutos nuestro asesor se comunicar\\u00e1 con usted<\\\/h5>\",\"text_align\":\"center\"}}]}]}]}],\"version\":\"2.7.22\"} --><\/p>\n","protected":false},"excerpt":{"rendered":"<p>Necesita CONSTRUCCI\u00d3N REMODELACI\u00d3N o MANTENIMIENTO PROINTECON SAS \u00a1EST\u00c1 EN EL LUGAR CORRECTO! Clic Aqu\u00ed \u00bfEst\u00e1 interesado en alguno de nuestros servicios?Est\u00e1 en el lugar correcto Escr\u00edbanos por WhastApp o Ll\u00e1menos CONT\u00c1CTENOS LL\u00c1MENOS Deje aqu\u00ed sus Datos para conocer su Proyecto Ofrecemos los siguientes servicios CONSTRUCCI\u00d3N Construimos todo tipo de edificaciones, cimentaciones, estructura, obra gris, acabados [&hellip;]<\/p>\n","protected":false},"author":1,"featured_media":0,"parent":0,"menu_order":0,"comment_status":"closed","ping_status":"closed","template":"","meta":{"footnotes":""},"class_list":["post-11","page","type-page","status-publish","hentry"],"_links":{"self":[{"href":"https:\/\/cotiza.prointecon.com.co\/index.php\/wp-json\/wp\/v2\/pages\/11","targetHints":{"allow":["GET"]}}],"collection":[{"href":"https:\/\/cotiza.prointecon.com.co\/index.php\/wp-json\/wp\/v2\/pages"}],"about":[{"href":"https:\/\/cotiza.prointecon.com.co\/index.php\/wp-json\/wp\/v2\/types\/page"}],"author":[{"embeddable":true,"href":"https:\/\/cotiza.prointecon.com.co\/index.php\/wp-json\/wp\/v2\/users\/1"}],"replies":[{"embeddable":true,"href":"https:\/\/cotiza.prointecon.com.co\/index.php\/wp-json\/wp\/v2\/comments?post=11"}],"version-history":[{"count":59,"href":"https:\/\/cotiza.prointecon.com.co\/index.php\/wp-json\/wp\/v2\/pages\/11\/revisions"}],"predecessor-version":[{"id":91,"href":"https:\/\/cotiza.prointecon.com.co\/index.php\/wp-json\/wp\/v2\/pages\/11\/revisions\/91"}],"wp:attachment":[{"href":"https:\/\/cotiza.prointecon.com.co\/index.php\/wp-json\/wp\/v2\/media?parent=11"}],"curies":[{"name":"wp","href":"https:\/\/api.w.org\/{rel}","templated":true}]}}